{"id":9970,"date":"2017-01-23T08:15:32","date_gmt":"2017-01-23T07:15:32","guid":{"rendered":"https:\/\/wetac.nl\/disclaimer\/"},"modified":"2021-11-22T11:53:22","modified_gmt":"2021-11-22T10:53:22","slug":"odmitnuti-odpovednosti","status":"publish","type":"page","link":"https:\/\/wetac.nl\/cs\/odmitnuti-odpovednosti\/","title":{"rendered":"Odm\u00edtnut\u00ed odpov\u011bdnosti"},"content":{"rendered":"<p><strong>Autorsk\u00e1 pr\u00e1va<br \/>\n<\/strong>V\u0161echna pr\u00e1va vyhrazena.\u00a0Informace, texty a obr\u00e1zky pou\u017eit\u00e9 na na\u0161ich webov\u00fdch str\u00e1nk\u00e1ch jsou chr\u00e1n\u011bny autorsk\u00fdm pr\u00e1vem a dal\u0161\u00edmi z\u00e1kony na ochranu du\u0161evn\u00edho vlastnictv\u00ed.\u00a0Obsah t\u011bchto webov\u00fdch str\u00e1nek nesm\u00ed b\u00fdt kop\u00edrov\u00e1n pro komer\u010dn\u00ed \u00fa\u010dely, rozmno\u017eov\u00e1n nebo pou\u017e\u00edv\u00e1n v jin\u00fdch publikac\u00edch (pokud k tomu nebyl ud\u011blen p\u0159edchoz\u00ed souhlas).<\/p>\n<p><strong>N\u00e1zvy zna\u010dek\u00a0<\/strong><br \/>\nV\u0161echny zna\u010dky uveden\u00e9 na webov\u00fdch str\u00e1nk\u00e1ch jsou chr\u00e1n\u011bn\u00e9 ochrann\u00e9 zn\u00e1mky. \u00dadaje, informace a loga lze pou\u017e\u00edt pouze s p\u0159edchoz\u00edm souhlasem spole\u010dnosti Wetac.<\/p>\n<p><strong>Odpov\u011bdnost<\/strong><br \/>\nP\u0159i umis\u0165ov\u00e1n\u00ed obsahu a stahov\u00e1n\u00ed na na\u0161e webov\u00e9 str\u00e1nky postupujeme opatrn\u011b, p\u0159esto se m\u016f\u017ee st\u00e1t, \u017ee uveden\u00e9 informace jsou ne\u00fapln\u00e9 nebo nespr\u00e1vn\u00e9. Za p\u0159\u00edpadn\u00e9 chyby zde uveden\u00e9 neneseme odpov\u011bdnost. Z na\u0161ich datov\u00fdch list\u016f a dal\u0161\u00edch technick\u00fdch \u00fadaj\u016f nelze tak\u00e9 odvozovat \u017e\u00e1dn\u00e1 pr\u00e1va.<\/p>\n","protected":false},"excerpt":{"rendered":"<p>Autorsk\u00e1 pr\u00e1va V\u0161echna pr\u00e1va vyhrazena.\u00a0Informace, texty a obr\u00e1zky pou\u017eit\u00e9 na na\u0161ich webov\u00fdch str\u00e1nk\u00e1ch jsou chr\u00e1n\u011bny autorsk\u00fdm pr\u00e1vem a dal\u0161\u00edmi z\u00e1kony&#8230;<\/p>\n","protected":false},"author":8,"featured_media":0,"parent":0,"menu_order":8,"comment_status":"closed","ping_status":"closed","template":"","meta":{"_acf_changed":false,"inline_featured_image":false,"footnotes":""},"class_list":["post-9970","page","type-page","status-publish","hentry"],"acf":[],"yoast_head":"<!-- This site is optimized with the Yoast SEO plugin v27.3 - https:\/\/yoast.com\/product\/yoast-seo-wordpress\/ -->\n<title>Odm\u00edtnut\u00ed odpov\u011bdnosti - Wetac<\/title>\n<meta name=\"robots\" content=\"index, follow, max-snippet:-1, max-image-preview:large, max-video-preview:-1\" \/>\n<link rel=\"canonical\" href=\"https:\/\/wetac.nl\/disclaimer\/\" \/>\n<meta property=\"og:locale\" content=\"cs_CZ\" \/>\n<meta property=\"og:type\" content=\"article\" \/>\n<meta property=\"og:title\" content=\"Odm\u00edtnut\u00ed odpov\u011bdnosti - Wetac\" \/>\n<meta property=\"og:description\" content=\"Autorsk\u00e1 pr\u00e1va V\u0161echna pr\u00e1va vyhrazena.\u00a0Informace, texty a obr\u00e1zky pou\u017eit\u00e9 na na\u0161ich webov\u00fdch str\u00e1nk\u00e1ch jsou chr\u00e1n\u011bny autorsk\u00fdm pr\u00e1vem a dal\u0161\u00edmi z\u00e1kony...\" \/>\n<meta property=\"og:url\" content=\"https:\/\/wetac.nl\/disclaimer\/\" \/>\n<meta property=\"og:site_name\" content=\"Wetac\" \/>\n<meta property=\"article:modified_time\" content=\"2021-11-22T10:53:22+00:00\" \/>\n<meta name=\"twitter:card\" content=\"summary_large_image\" \/>\n<meta name=\"twitter:label1\" content=\"Odhadovan\u00e1 doba \u010dten\u00ed\" \/>\n\t<meta name=\"twitter:data1\" content=\"1 minute\" \/>\n<script type=\"application\/ld+json\" class=\"yoast-schema-graph\">{\"@context\":\"https:\\\/\\\/schema.org\",\"@graph\":[{\"@type\":\"WebPage\",\"@id\":\"https:\\\/\\\/wetac.nl\\\/disclaimer\\\/\",\"url\":\"https:\\\/\\\/wetac.nl\\\/disclaimer\\\/\",\"name\":\"Odm\u00edtnut\u00ed odpov\u011bdnosti - Wetac\",\"isPartOf\":{\"@id\":\"https:\\\/\\\/wetac.nl\\\/en\\\/#website\"},\"datePublished\":\"2017-01-23T07:15:32+00:00\",\"dateModified\":\"2021-11-22T10:53:22+00:00\",\"breadcrumb\":{\"@id\":\"https:\\\/\\\/wetac.nl\\\/disclaimer\\\/#breadcrumb\"},\"inLanguage\":\"cs-CZ\",\"potentialAction\":[{\"@type\":\"ReadAction\",\"target\":[\"https:\\\/\\\/wetac.nl\\\/disclaimer\\\/\"]}]},{\"@type\":\"BreadcrumbList\",\"@id\":\"https:\\\/\\\/wetac.nl\\\/disclaimer\\\/#breadcrumb\",\"itemListElement\":[{\"@type\":\"ListItem\",\"position\":1,\"name\":\"Dom\u016f\",\"item\":\"https:\\\/\\\/wetac.nl\\\/\"},{\"@type\":\"ListItem\",\"position\":2,\"name\":\"Odm\u00edtnut\u00ed odpov\u011bdnosti\"}]},{\"@type\":\"WebSite\",\"@id\":\"https:\\\/\\\/wetac.nl\\\/en\\\/#website\",\"url\":\"https:\\\/\\\/wetac.nl\\\/en\\\/\",\"name\":\"Wetac\",\"description\":\"Your battery specialist\",\"potentialAction\":[{\"@type\":\"SearchAction\",\"target\":{\"@type\":\"EntryPoint\",\"urlTemplate\":\"https:\\\/\\\/wetac.nl\\\/en\\\/?s={search_term_string}\"},\"query-input\":{\"@type\":\"PropertyValueSpecification\",\"valueRequired\":true,\"valueName\":\"search_term_string\"}}],\"inLanguage\":\"cs-CZ\"}]}<\/script>\n<!-- \/ Yoast SEO plugin. -->","yoast_head_json":{"title":"Odm\u00edtnut\u00ed odpov\u011bdnosti - Wetac","robots":{"index":"index","follow":"follow","max-snippet":"max-snippet:-1","max-image-preview":"max-image-preview:large","max-video-preview":"max-video-preview:-1"},"canonical":"https:\/\/wetac.nl\/disclaimer\/","og_locale":"cs_CZ","og_type":"article","og_title":"Odm\u00edtnut\u00ed odpov\u011bdnosti - Wetac","og_description":"Autorsk\u00e1 pr\u00e1va V\u0161echna pr\u00e1va vyhrazena.\u00a0Informace, texty a obr\u00e1zky pou\u017eit\u00e9 na na\u0161ich webov\u00fdch str\u00e1nk\u00e1ch jsou chr\u00e1n\u011bny autorsk\u00fdm pr\u00e1vem a dal\u0161\u00edmi z\u00e1kony...","og_url":"https:\/\/wetac.nl\/disclaimer\/","og_site_name":"Wetac","article_modified_time":"2021-11-22T10:53:22+00:00","twitter_card":"summary_large_image","twitter_misc":{"Odhadovan\u00e1 doba \u010dten\u00ed":"1 minute"},"schema":{"@context":"https:\/\/schema.org","@graph":[{"@type":"WebPage","@id":"https:\/\/wetac.nl\/disclaimer\/","url":"https:\/\/wetac.nl\/disclaimer\/","name":"Odm\u00edtnut\u00ed odpov\u011bdnosti - Wetac","isPartOf":{"@id":"https:\/\/wetac.nl\/en\/#website"},"datePublished":"2017-01-23T07:15:32+00:00","dateModified":"2021-11-22T10:53:22+00:00","breadcrumb":{"@id":"https:\/\/wetac.nl\/disclaimer\/#breadcrumb"},"inLanguage":"cs-CZ","potentialAction":[{"@type":"ReadAction","target":["https:\/\/wetac.nl\/disclaimer\/"]}]},{"@type":"BreadcrumbList","@id":"https:\/\/wetac.nl\/disclaimer\/#breadcrumb","itemListElement":[{"@type":"ListItem","position":1,"name":"Dom\u016f","item":"https:\/\/wetac.nl\/"},{"@type":"ListItem","position":2,"name":"Odm\u00edtnut\u00ed odpov\u011bdnosti"}]},{"@type":"WebSite","@id":"https:\/\/wetac.nl\/en\/#website","url":"https:\/\/wetac.nl\/en\/","name":"Wetac","description":"Your battery specialist","potentialAction":[{"@type":"SearchAction","target":{"@type":"EntryPoint","urlTemplate":"https:\/\/wetac.nl\/en\/?s={search_term_string}"},"query-input":{"@type":"PropertyValueSpecification","valueRequired":true,"valueName":"search_term_string"}}],"inLanguage":"cs-CZ"}]}},"_links":{"self":[{"href":"https:\/\/wetac.nl\/cs\/wp-json\/wp\/v2\/pages\/9970","targetHints":{"allow":["GET"]}}],"collection":[{"href":"https:\/\/wetac.nl\/cs\/wp-json\/wp\/v2\/pages"}],"about":[{"href":"https:\/\/wetac.nl\/cs\/wp-json\/wp\/v2\/types\/page"}],"author":[{"embeddable":true,"href":"https:\/\/wetac.nl\/cs\/wp-json\/wp\/v2\/users\/8"}],"replies":[{"embeddable":true,"href":"https:\/\/wetac.nl\/cs\/wp-json\/wp\/v2\/comments?post=9970"}],"version-history":[{"count":2,"href":"https:\/\/wetac.nl\/cs\/wp-json\/wp\/v2\/pages\/9970\/revisions"}],"predecessor-version":[{"id":9973,"href":"https:\/\/wetac.nl\/cs\/wp-json\/wp\/v2\/pages\/9970\/revisions\/9973"}],"wp:attachment":[{"href":"https:\/\/wetac.nl\/cs\/wp-json\/wp\/v2\/media?parent=9970"}],"curies":[{"name":"wp","href":"https:\/\/api.w.org\/{rel}","templated":true}]}}