{"id":10388,"date":"2023-08-14T12:16:59","date_gmt":"2023-08-14T10:16:59","guid":{"rendered":"https:\/\/wetac.nl\/?page_id=10388"},"modified":"2023-09-07T15:15:55","modified_gmt":"2023-09-07T13:15:55","slug":"allgemeinen-geschaeftsbedingungen","status":"publish","type":"page","link":"https:\/\/wetac.nl\/de\/allgemeinen-geschaeftsbedingungen\/","title":{"rendered":"Allgemeine Gesch\u00e4ftsbedingungen"},"content":{"rendered":"<p><span style=\"color: #ffffff;\">F\u00fcr alle unsere Angebote, Lieferungen und Vereinbarungen gelten unsere Allgemeinen Gesch\u00e4ftsbedingungen. Klicken Sie <a href=\"https:\/\/wetac.nl-content\/uploads\/AV-ENG-definitief.pdf\">hier<\/a>, um den vollst\u00e4ndigen Inhalt zu lesen.<\/span><\/p>\n","protected":false},"excerpt":{"rendered":"<p>F\u00fcr alle unsere Angebote, Lieferungen und Vereinbarungen gelten unsere Allgemeinen Gesch\u00e4ftsbedingungen. Klicken Sie hier, um den vollst\u00e4ndigen Inhalt zu lesen.<\/p>\n","protected":false},"author":2,"featured_media":0,"parent":0,"menu_order":0,"comment_status":"closed","ping_status":"closed","template":"","meta":{"_acf_changed":false,"inline_featured_image":false,"footnotes":""},"class_list":["post-10388","page","type-page","status-publish","hentry"],"acf":[],"yoast_head":"<!-- This site is optimized with the Yoast SEO plugin v27.4 - https:\/\/yoast.com\/product\/yoast-seo-wordpress\/ -->\n<title>Allgemeine Gesch\u00e4ftsbedingungen - Wetac<\/title>\n<meta name=\"robots\" content=\"index, follow, max-snippet:-1, max-image-preview:large, max-video-preview:-1\" \/>\n<link rel=\"canonical\" href=\"https:\/\/wetac.nl\/algemene-voorwaarden\/\" \/>\n<meta property=\"og:locale\" content=\"de_DE\" \/>\n<meta property=\"og:type\" content=\"article\" \/>\n<meta property=\"og:title\" content=\"Allgemeine Gesch\u00e4ftsbedingungen - Wetac\" \/>\n<meta property=\"og:description\" content=\"F\u00fcr alle unsere Angebote, Lieferungen und Vereinbarungen gelten unsere Allgemeinen Gesch\u00e4ftsbedingungen. Klicken Sie hier, um den vollst\u00e4ndigen Inhalt zu lesen.\" \/>\n<meta property=\"og:url\" content=\"https:\/\/wetac.nl\/algemene-voorwaarden\/\" \/>\n<meta property=\"og:site_name\" content=\"Wetac\" \/>\n<meta property=\"article:modified_time\" content=\"2023-09-07T13:15:55+00:00\" \/>\n<meta name=\"twitter:card\" content=\"summary_large_image\" \/>\n<script type=\"application\/ld+json\" class=\"yoast-schema-graph\">{\"@context\":\"https:\\\/\\\/schema.org\",\"@graph\":[{\"@type\":\"WebPage\",\"@id\":\"https:\\\/\\\/wetac.nl\\\/algemene-voorwaarden\\\/\",\"url\":\"https:\\\/\\\/wetac.nl\\\/algemene-voorwaarden\\\/\",\"name\":\"Allgemeine Gesch\u00e4ftsbedingungen - Wetac\",\"isPartOf\":{\"@id\":\"https:\\\/\\\/wetac.nl\\\/en\\\/#website\"},\"datePublished\":\"2023-08-14T10:16:59+00:00\",\"dateModified\":\"2023-09-07T13:15:55+00:00\",\"breadcrumb\":{\"@id\":\"https:\\\/\\\/wetac.nl\\\/algemene-voorwaarden\\\/#breadcrumb\"},\"inLanguage\":\"de-DE\",\"potentialAction\":[{\"@type\":\"ReadAction\",\"target\":[\"https:\\\/\\\/wetac.nl\\\/algemene-voorwaarden\\\/\"]}]},{\"@type\":\"BreadcrumbList\",\"@id\":\"https:\\\/\\\/wetac.nl\\\/algemene-voorwaarden\\\/#breadcrumb\",\"itemListElement\":[{\"@type\":\"ListItem\",\"position\":1,\"name\":\"Start\",\"item\":\"https:\\\/\\\/wetac.nl\\\/de\\\/\"},{\"@type\":\"ListItem\",\"position\":2,\"name\":\"Allgemeine Gesch\u00e4ftsbedingungen\"}]},{\"@type\":\"WebSite\",\"@id\":\"https:\\\/\\\/wetac.nl\\\/en\\\/#website\",\"url\":\"https:\\\/\\\/wetac.nl\\\/en\\\/\",\"name\":\"Wetac\",\"description\":\"Ihr Batteriespezialist\",\"potentialAction\":[{\"@type\":\"SearchAction\",\"target\":{\"@type\":\"EntryPoint\",\"urlTemplate\":\"https:\\\/\\\/wetac.nl\\\/en\\\/?s={search_term_string}\"},\"query-input\":{\"@type\":\"PropertyValueSpecification\",\"valueRequired\":true,\"valueName\":\"search_term_string\"}}],\"inLanguage\":\"de-DE\"}]}<\/script>\n<!-- \/ Yoast SEO plugin. -->","yoast_head_json":{"title":"Allgemeine Gesch\u00e4ftsbedingungen - Wetac","robots":{"index":"index","follow":"follow","max-snippet":"max-snippet:-1","max-image-preview":"max-image-preview:large","max-video-preview":"max-video-preview:-1"},"canonical":"https:\/\/wetac.nl\/algemene-voorwaarden\/","og_locale":"de_DE","og_type":"article","og_title":"Allgemeine Gesch\u00e4ftsbedingungen - Wetac","og_description":"F\u00fcr alle unsere Angebote, Lieferungen und Vereinbarungen gelten unsere Allgemeinen Gesch\u00e4ftsbedingungen. Klicken Sie hier, um den vollst\u00e4ndigen Inhalt zu lesen.","og_url":"https:\/\/wetac.nl\/algemene-voorwaarden\/","og_site_name":"Wetac","article_modified_time":"2023-09-07T13:15:55+00:00","twitter_card":"summary_large_image","schema":{"@context":"https:\/\/schema.org","@graph":[{"@type":"WebPage","@id":"https:\/\/wetac.nl\/algemene-voorwaarden\/","url":"https:\/\/wetac.nl\/algemene-voorwaarden\/","name":"Allgemeine Gesch\u00e4ftsbedingungen - Wetac","isPartOf":{"@id":"https:\/\/wetac.nl\/en\/#website"},"datePublished":"2023-08-14T10:16:59+00:00","dateModified":"2023-09-07T13:15:55+00:00","breadcrumb":{"@id":"https:\/\/wetac.nl\/algemene-voorwaarden\/#breadcrumb"},"inLanguage":"de-DE","potentialAction":[{"@type":"ReadAction","target":["https:\/\/wetac.nl\/algemene-voorwaarden\/"]}]},{"@type":"BreadcrumbList","@id":"https:\/\/wetac.nl\/algemene-voorwaarden\/#breadcrumb","itemListElement":[{"@type":"ListItem","position":1,"name":"Start","item":"https:\/\/wetac.nl\/de\/"},{"@type":"ListItem","position":2,"name":"Allgemeine Gesch\u00e4ftsbedingungen"}]},{"@type":"WebSite","@id":"https:\/\/wetac.nl\/en\/#website","url":"https:\/\/wetac.nl\/en\/","name":"Wetac","description":"Ihr Batteriespezialist","potentialAction":[{"@type":"SearchAction","target":{"@type":"EntryPoint","urlTemplate":"https:\/\/wetac.nl\/en\/?s={search_term_string}"},"query-input":{"@type":"PropertyValueSpecification","valueRequired":true,"valueName":"search_term_string"}}],"inLanguage":"de-DE"}]}},"_links":{"self":[{"href":"https:\/\/wetac.nl\/de\/wp-json\/wp\/v2\/pages\/10388","targetHints":{"allow":["GET"]}}],"collection":[{"href":"https:\/\/wetac.nl\/de\/wp-json\/wp\/v2\/pages"}],"about":[{"href":"https:\/\/wetac.nl\/de\/wp-json\/wp\/v2\/types\/page"}],"author":[{"embeddable":true,"href":"https:\/\/wetac.nl\/de\/wp-json\/wp\/v2\/users\/2"}],"replies":[{"embeddable":true,"href":"https:\/\/wetac.nl\/de\/wp-json\/wp\/v2\/comments?post=10388"}],"version-history":[{"count":2,"href":"https:\/\/wetac.nl\/de\/wp-json\/wp\/v2\/pages\/10388\/revisions"}],"predecessor-version":[{"id":10591,"href":"https:\/\/wetac.nl\/de\/wp-json\/wp\/v2\/pages\/10388\/revisions\/10591"}],"wp:attachment":[{"href":"https:\/\/wetac.nl\/de\/wp-json\/wp\/v2\/media?parent=10388"}],"curies":[{"name":"wp","href":"https:\/\/api.w.org\/{rel}","templated":true}]}}