{"id":482,"date":"2017-01-23T10:13:33","date_gmt":"2017-01-23T09:13:33","guid":{"rendered":"https:\/\/wetac.nl\/?page_id=482"},"modified":"2018-05-23T09:44:52","modified_gmt":"2018-05-23T07:44:52","slug":"motive-power-battery","status":"publish","type":"page","link":"https:\/\/wetac.nl\/de\/motive-power-battery\/","title":{"rendered":"Motive Power"},"content":{"rendered":"<p>Wetac Motive Power vertreibt wartungsfreie MOVE Batteries in der AGM und GEL- Technologie (von 12Ah bis 400Ah). Au\u03b2erdem ist Wetac Motive Power Master-Distributor f\u00fcr U.S. Battery in Europa.\u00a0Typische Anwendungen f\u00fcr unsere tiefe zyklenfesten Batterien sind Golf- und Nutzfahrzeuge, Hebeb\u00fchnen, Hubarbeitsb\u00fchnen, Reinigungs- und Kehrmaschinen, elektrische Rollst\u00fchle und Roller.<\/p>\n<p>Nat\u00fcrlich bieten wir auch verwandte Produkte wie Batterie-Ladeger\u00e4te und Batteriebef\u00fcll-Systeme an. Wetac Motive Power vertreibt die Bef\u00fcllungsanlagen von Battery Watering Technologies\u00ae auf dem Europ\u00e4ischen Markt.<\/p>\n","protected":false},"excerpt":{"rendered":"<p>Wetac Motive Power vertreibt wartungsfreie MOVE Batteries in der AGM und GEL- Technologie (von 12Ah bis 400Ah). Au\u03b2erdem ist Wetac&#8230;<\/p>\n","protected":false},"author":8,"featured_media":477,"parent":0,"menu_order":7,"comment_status":"closed","ping_status":"closed","template":"templates\/template-battery.php","meta":{"_acf_changed":false,"inline_featured_image":false,"footnotes":""},"class_list":["post-482","page","type-page","status-publish","has-post-thumbnail","hentry"],"acf":[],"yoast_head":"<!-- This site is optimized with the Yoast SEO plugin v27.3 - https:\/\/yoast.com\/product\/yoast-seo-wordpress\/ -->\n<title>Motive Power - Wetac<\/title>\n<meta name=\"robots\" content=\"index, follow, max-snippet:-1, max-image-preview:large, max-video-preview:-1\" \/>\n<link rel=\"canonical\" href=\"https:\/\/wetac.nl\/motive-power-battery\/\" \/>\n<meta property=\"og:locale\" content=\"de_DE\" \/>\n<meta property=\"og:type\" content=\"article\" \/>\n<meta property=\"og:title\" content=\"Motive Power - Wetac\" \/>\n<meta property=\"og:description\" content=\"Wetac Motive Power vertreibt wartungsfreie MOVE Batteries in der AGM und GEL- Technologie (von 12Ah bis 400Ah). Au\u03b2erdem ist Wetac...\" \/>\n<meta property=\"og:url\" content=\"https:\/\/wetac.nl\/motive-power-battery\/\" \/>\n<meta property=\"og:site_name\" content=\"Wetac\" \/>\n<meta property=\"article:modified_time\" content=\"2018-05-23T07:44:52+00:00\" \/>\n<meta property=\"og:image\" content=\"https:\/\/wetac.nl\/wp-content\/uploads\/batter.png\" \/>\n\t<meta property=\"og:image:width\" content=\"598\" \/>\n\t<meta property=\"og:image:height\" content=\"358\" \/>\n\t<meta property=\"og:image:type\" content=\"image\/png\" \/>\n<meta name=\"twitter:card\" content=\"summary_large_image\" \/>\n<script type=\"application\/ld+json\" class=\"yoast-schema-graph\">{\"@context\":\"https:\\\/\\\/schema.org\",\"@graph\":[{\"@type\":\"WebPage\",\"@id\":\"https:\\\/\\\/wetac.nl\\\/motive-power-battery\\\/\",\"url\":\"https:\\\/\\\/wetac.nl\\\/motive-power-battery\\\/\",\"name\":\"Motive Power - Wetac\",\"isPartOf\":{\"@id\":\"https:\\\/\\\/wetac.nl\\\/en\\\/#website\"},\"primaryImageOfPage\":{\"@id\":\"https:\\\/\\\/wetac.nl\\\/motive-power-battery\\\/#primaryimage\"},\"image\":{\"@id\":\"https:\\\/\\\/wetac.nl\\\/motive-power-battery\\\/#primaryimage\"},\"thumbnailUrl\":\"https:\\\/\\\/wetac.nl\\\/wp-content\\\/uploads\\\/batter.png\",\"datePublished\":\"2017-01-23T09:13:33+00:00\",\"dateModified\":\"2018-05-23T07:44:52+00:00\",\"breadcrumb\":{\"@id\":\"https:\\\/\\\/wetac.nl\\\/motive-power-battery\\\/#breadcrumb\"},\"inLanguage\":\"de-DE\",\"potentialAction\":[{\"@type\":\"ReadAction\",\"target\":[\"https:\\\/\\\/wetac.nl\\\/motive-power-battery\\\/\"]}]},{\"@type\":\"ImageObject\",\"inLanguage\":\"de-DE\",\"@id\":\"https:\\\/\\\/wetac.nl\\\/motive-power-battery\\\/#primaryimage\",\"url\":\"https:\\\/\\\/wetac.nl\\\/wp-content\\\/uploads\\\/batter.png\",\"contentUrl\":\"https:\\\/\\\/wetac.nl\\\/wp-content\\\/uploads\\\/batter.png\",\"width\":598,\"height\":358},{\"@type\":\"BreadcrumbList\",\"@id\":\"https:\\\/\\\/wetac.nl\\\/motive-power-battery\\\/#breadcrumb\",\"itemListElement\":[{\"@type\":\"ListItem\",\"position\":1,\"name\":\"Start\",\"item\":\"https:\\\/\\\/wetac.nl\\\/de\\\/\"},{\"@type\":\"ListItem\",\"position\":2,\"name\":\"Motive Power\"}]},{\"@type\":\"WebSite\",\"@id\":\"https:\\\/\\\/wetac.nl\\\/en\\\/#website\",\"url\":\"https:\\\/\\\/wetac.nl\\\/en\\\/\",\"name\":\"Wetac\",\"description\":\"Ihr Batteriespezialist\",\"potentialAction\":[{\"@type\":\"SearchAction\",\"target\":{\"@type\":\"EntryPoint\",\"urlTemplate\":\"https:\\\/\\\/wetac.nl\\\/en\\\/?s={search_term_string}\"},\"query-input\":{\"@type\":\"PropertyValueSpecification\",\"valueRequired\":true,\"valueName\":\"search_term_string\"}}],\"inLanguage\":\"de-DE\"}]}<\/script>\n<!-- \/ Yoast SEO plugin. -->","yoast_head_json":{"title":"Motive Power - Wetac","robots":{"index":"index","follow":"follow","max-snippet":"max-snippet:-1","max-image-preview":"max-image-preview:large","max-video-preview":"max-video-preview:-1"},"canonical":"https:\/\/wetac.nl\/motive-power-battery\/","og_locale":"de_DE","og_type":"article","og_title":"Motive Power - Wetac","og_description":"Wetac Motive Power vertreibt wartungsfreie MOVE Batteries in der AGM und GEL- Technologie (von 12Ah bis 400Ah). Au\u03b2erdem ist Wetac...","og_url":"https:\/\/wetac.nl\/motive-power-battery\/","og_site_name":"Wetac","article_modified_time":"2018-05-23T07:44:52+00:00","og_image":[{"width":598,"height":358,"url":"https:\/\/wetac.nl\/wp-content\/uploads\/batter.png","type":"image\/png"}],"twitter_card":"summary_large_image","schema":{"@context":"https:\/\/schema.org","@graph":[{"@type":"WebPage","@id":"https:\/\/wetac.nl\/motive-power-battery\/","url":"https:\/\/wetac.nl\/motive-power-battery\/","name":"Motive Power - Wetac","isPartOf":{"@id":"https:\/\/wetac.nl\/en\/#website"},"primaryImageOfPage":{"@id":"https:\/\/wetac.nl\/motive-power-battery\/#primaryimage"},"image":{"@id":"https:\/\/wetac.nl\/motive-power-battery\/#primaryimage"},"thumbnailUrl":"https:\/\/wetac.nl\/wp-content\/uploads\/batter.png","datePublished":"2017-01-23T09:13:33+00:00","dateModified":"2018-05-23T07:44:52+00:00","breadcrumb":{"@id":"https:\/\/wetac.nl\/motive-power-battery\/#breadcrumb"},"inLanguage":"de-DE","potentialAction":[{"@type":"ReadAction","target":["https:\/\/wetac.nl\/motive-power-battery\/"]}]},{"@type":"ImageObject","inLanguage":"de-DE","@id":"https:\/\/wetac.nl\/motive-power-battery\/#primaryimage","url":"https:\/\/wetac.nl\/wp-content\/uploads\/batter.png","contentUrl":"https:\/\/wetac.nl\/wp-content\/uploads\/batter.png","width":598,"height":358},{"@type":"BreadcrumbList","@id":"https:\/\/wetac.nl\/motive-power-battery\/#breadcrumb","itemListElement":[{"@type":"ListItem","position":1,"name":"Start","item":"https:\/\/wetac.nl\/de\/"},{"@type":"ListItem","position":2,"name":"Motive Power"}]},{"@type":"WebSite","@id":"https:\/\/wetac.nl\/en\/#website","url":"https:\/\/wetac.nl\/en\/","name":"Wetac","description":"Ihr Batteriespezialist","potentialAction":[{"@type":"SearchAction","target":{"@type":"EntryPoint","urlTemplate":"https:\/\/wetac.nl\/en\/?s={search_term_string}"},"query-input":{"@type":"PropertyValueSpecification","valueRequired":true,"valueName":"search_term_string"}}],"inLanguage":"de-DE"}]}},"_links":{"self":[{"href":"https:\/\/wetac.nl\/de\/wp-json\/wp\/v2\/pages\/482","targetHints":{"allow":["GET"]}}],"collection":[{"href":"https:\/\/wetac.nl\/de\/wp-json\/wp\/v2\/pages"}],"about":[{"href":"https:\/\/wetac.nl\/de\/wp-json\/wp\/v2\/types\/page"}],"author":[{"embeddable":true,"href":"https:\/\/wetac.nl\/de\/wp-json\/wp\/v2\/users\/8"}],"replies":[{"embeddable":true,"href":"https:\/\/wetac.nl\/de\/wp-json\/wp\/v2\/comments?post=482"}],"version-history":[{"count":7,"href":"https:\/\/wetac.nl\/de\/wp-json\/wp\/v2\/pages\/482\/revisions"}],"predecessor-version":[{"id":8129,"href":"https:\/\/wetac.nl\/de\/wp-json\/wp\/v2\/pages\/482\/revisions\/8129"}],"wp:featuredmedia":[{"embeddable":true,"href":"https:\/\/wetac.nl\/de\/wp-json\/wp\/v2\/media\/477"}],"wp:attachment":[{"href":"https:\/\/wetac.nl\/de\/wp-json\/wp\/v2\/media?parent=482"}],"curies":[{"name":"wp","href":"https:\/\/api.w.org\/{rel}","templated":true}]}}