{"id":487,"date":"2017-01-23T10:17:12","date_gmt":"2017-01-23T09:17:12","guid":{"rendered":"https:\/\/wetac.nl\/?page_id=487"},"modified":"2018-05-23T09:55:02","modified_gmt":"2018-05-23T07:55:02","slug":"disclaimer","status":"publish","type":"page","link":"https:\/\/wetac.nl\/de\/disclaimer\/","title":{"rendered":"Disclaimer"},"content":{"rendered":"<div class=\"site-content\">\n<div class=\"content-wrapper\">\n<section>\n<div class=\"editor-content\">\n<p><strong><span lang=\"EN-US\">Urheberrechte<br \/>\n<\/span><\/strong><span lang=\"EN-US\">Alle Rechte\u00a0<\/span><span lang=\"EN-US\">vorbehalten.\u00a0<\/span><span lang=\"DE\">Alle Informationen, Texte\u00a0und Bilder u<\/span><span lang=\"DE\">nterliegen dem Schutz des Urheberrechts und anderer Schutzgesetze.\u00a0<\/span><span lang=\"DE\">Der Inhalt dieser Website darf nicht zu kommerziellen Zwecken kopiert, verbreitet, ver\u00e4ndert oder in anderen Publikationen verwendet werden (n<\/span><span lang=\"DE\">ur mit unserer schriftlichen Genehmigung).<\/span><\/p>\n<p><strong>Markenzeichen<\/strong><strong><span lang=\"DE\"><br \/>\n<\/span><\/strong><span lang=\"DE\">A<\/span><span lang=\"DE\">lle Markenzeichen auf der Website sind gesch\u00fctzte Marken und d\u00fcrfen nicht ohne ausdr\u00fcckliche Erlaubnis von Wetac verwendet werden.<\/span><span lang=\"DE\">Bedoelde u:\u00a0<\/span><\/p>\n<p><strong><span lang=\"DE\">Haftung\u00a0<\/span><\/strong><span lang=\"DE\"><br \/>\n<\/span><span lang=\"DE\">Wir pr\u00fcfen<\/span><span lang=\"DE\">\u00a0sorgf\u00e4ltig unsere\u00a0Inhalte\u00a0und Downloads\u00a0bevor wir\u00a0diese\u00a0ver\u00f6ffentlichen ,\u00a0aber es\u00a0ist nicht ausgeschlossen, dass die Angaben\u00a0unvollst\u00e4ndig\u00a0oder\u00a0ungenau sind.\u00a0F\u00fcr\u00a0Irrt\u00fcmer in Texten, Datenbl\u00e4ttern und anderen technischen\u00a0Informationen\u00a0wird keine Haftung \u00fcbernommen.<\/span><\/p>\n<\/div>\n<\/section>\n<\/div>\n<\/div>\n","protected":false},"excerpt":{"rendered":"<p>Urheberrechte Alle Rechte\u00a0vorbehalten.\u00a0Alle Informationen, Texte\u00a0und Bilder unterliegen dem Schutz des Urheberrechts und anderer Schutzgesetze.\u00a0Der Inhalt dieser Website darf nicht zu&#8230;<\/p>\n","protected":false},"author":8,"featured_media":0,"parent":0,"menu_order":8,"comment_status":"closed","ping_status":"closed","template":"","meta":{"_acf_changed":false,"inline_featured_image":false,"footnotes":""},"class_list":["post-487","page","type-page","status-publish","hentry"],"acf":[],"yoast_head":"<!-- This site is optimized with the Yoast SEO plugin v27.4 - https:\/\/yoast.com\/product\/yoast-seo-wordpress\/ -->\n<title>Disclaimer - Wetac<\/title>\n<meta name=\"robots\" content=\"index, follow, max-snippet:-1, max-image-preview:large, max-video-preview:-1\" \/>\n<link rel=\"canonical\" href=\"https:\/\/wetac.nl\/de\/disclaimer\/\" \/>\n<meta property=\"og:locale\" content=\"de_DE\" \/>\n<meta property=\"og:type\" content=\"article\" \/>\n<meta property=\"og:title\" content=\"Disclaimer - Wetac\" \/>\n<meta property=\"og:description\" content=\"Urheberrechte Alle Rechte\u00a0vorbehalten.\u00a0Alle Informationen, Texte\u00a0und Bilder unterliegen dem Schutz des Urheberrechts und anderer Schutzgesetze.\u00a0Der Inhalt dieser Website darf nicht zu...\" \/>\n<meta property=\"og:url\" content=\"https:\/\/wetac.nl\/de\/disclaimer\/\" \/>\n<meta property=\"og:site_name\" content=\"Wetac\" \/>\n<meta property=\"article:modified_time\" content=\"2018-05-23T07:55:02+00:00\" \/>\n<meta name=\"twitter:card\" content=\"summary_large_image\" \/>\n<meta name=\"twitter:label1\" content=\"Gesch\u00e4tzte Lesezeit\" \/>\n\t<meta name=\"twitter:data1\" content=\"1 minute\" \/>\n<script type=\"application\/ld+json\" class=\"yoast-schema-graph\">{\"@context\":\"https:\\\/\\\/schema.org\",\"@graph\":[{\"@type\":\"WebPage\",\"@id\":\"https:\\\/\\\/wetac.nl\\\/de\\\/disclaimer\\\/\",\"url\":\"https:\\\/\\\/wetac.nl\\\/de\\\/disclaimer\\\/\",\"name\":\"Disclaimer - Wetac\",\"isPartOf\":{\"@id\":\"https:\\\/\\\/wetac.nl\\\/en\\\/#website\"},\"datePublished\":\"2017-01-23T09:17:12+00:00\",\"dateModified\":\"2018-05-23T07:55:02+00:00\",\"breadcrumb\":{\"@id\":\"https:\\\/\\\/wetac.nl\\\/de\\\/disclaimer\\\/#breadcrumb\"},\"inLanguage\":\"de-DE\",\"potentialAction\":[{\"@type\":\"ReadAction\",\"target\":[\"https:\\\/\\\/wetac.nl\\\/de\\\/disclaimer\\\/\"]}]},{\"@type\":\"BreadcrumbList\",\"@id\":\"https:\\\/\\\/wetac.nl\\\/de\\\/disclaimer\\\/#breadcrumb\",\"itemListElement\":[{\"@type\":\"ListItem\",\"position\":1,\"name\":\"Start\",\"item\":\"https:\\\/\\\/wetac.nl\\\/de\\\/\"},{\"@type\":\"ListItem\",\"position\":2,\"name\":\"Disclaimer\"}]},{\"@type\":\"WebSite\",\"@id\":\"https:\\\/\\\/wetac.nl\\\/en\\\/#website\",\"url\":\"https:\\\/\\\/wetac.nl\\\/en\\\/\",\"name\":\"Wetac\",\"description\":\"Ihr Batteriespezialist\",\"potentialAction\":[{\"@type\":\"SearchAction\",\"target\":{\"@type\":\"EntryPoint\",\"urlTemplate\":\"https:\\\/\\\/wetac.nl\\\/en\\\/?s={search_term_string}\"},\"query-input\":{\"@type\":\"PropertyValueSpecification\",\"valueRequired\":true,\"valueName\":\"search_term_string\"}}],\"inLanguage\":\"de-DE\"}]}<\/script>\n<!-- \/ Yoast SEO plugin. -->","yoast_head_json":{"title":"Disclaimer - Wetac","robots":{"index":"index","follow":"follow","max-snippet":"max-snippet:-1","max-image-preview":"max-image-preview:large","max-video-preview":"max-video-preview:-1"},"canonical":"https:\/\/wetac.nl\/de\/disclaimer\/","og_locale":"de_DE","og_type":"article","og_title":"Disclaimer - Wetac","og_description":"Urheberrechte Alle Rechte\u00a0vorbehalten.\u00a0Alle Informationen, Texte\u00a0und Bilder unterliegen dem Schutz des Urheberrechts und anderer Schutzgesetze.\u00a0Der Inhalt dieser Website darf nicht zu...","og_url":"https:\/\/wetac.nl\/de\/disclaimer\/","og_site_name":"Wetac","article_modified_time":"2018-05-23T07:55:02+00:00","twitter_card":"summary_large_image","twitter_misc":{"Gesch\u00e4tzte Lesezeit":"1 minute"},"schema":{"@context":"https:\/\/schema.org","@graph":[{"@type":"WebPage","@id":"https:\/\/wetac.nl\/de\/disclaimer\/","url":"https:\/\/wetac.nl\/de\/disclaimer\/","name":"Disclaimer - Wetac","isPartOf":{"@id":"https:\/\/wetac.nl\/en\/#website"},"datePublished":"2017-01-23T09:17:12+00:00","dateModified":"2018-05-23T07:55:02+00:00","breadcrumb":{"@id":"https:\/\/wetac.nl\/de\/disclaimer\/#breadcrumb"},"inLanguage":"de-DE","potentialAction":[{"@type":"ReadAction","target":["https:\/\/wetac.nl\/de\/disclaimer\/"]}]},{"@type":"BreadcrumbList","@id":"https:\/\/wetac.nl\/de\/disclaimer\/#breadcrumb","itemListElement":[{"@type":"ListItem","position":1,"name":"Start","item":"https:\/\/wetac.nl\/de\/"},{"@type":"ListItem","position":2,"name":"Disclaimer"}]},{"@type":"WebSite","@id":"https:\/\/wetac.nl\/en\/#website","url":"https:\/\/wetac.nl\/en\/","name":"Wetac","description":"Ihr Batteriespezialist","potentialAction":[{"@type":"SearchAction","target":{"@type":"EntryPoint","urlTemplate":"https:\/\/wetac.nl\/en\/?s={search_term_string}"},"query-input":{"@type":"PropertyValueSpecification","valueRequired":true,"valueName":"search_term_string"}}],"inLanguage":"de-DE"}]}},"_links":{"self":[{"href":"https:\/\/wetac.nl\/de\/wp-json\/wp\/v2\/pages\/487","targetHints":{"allow":["GET"]}}],"collection":[{"href":"https:\/\/wetac.nl\/de\/wp-json\/wp\/v2\/pages"}],"about":[{"href":"https:\/\/wetac.nl\/de\/wp-json\/wp\/v2\/types\/page"}],"author":[{"embeddable":true,"href":"https:\/\/wetac.nl\/de\/wp-json\/wp\/v2\/users\/8"}],"replies":[{"embeddable":true,"href":"https:\/\/wetac.nl\/de\/wp-json\/wp\/v2\/comments?post=487"}],"version-history":[{"count":3,"href":"https:\/\/wetac.nl\/de\/wp-json\/wp\/v2\/pages\/487\/revisions"}],"predecessor-version":[{"id":8153,"href":"https:\/\/wetac.nl\/de\/wp-json\/wp\/v2\/pages\/487\/revisions\/8153"}],"wp:attachment":[{"href":"https:\/\/wetac.nl\/de\/wp-json\/wp\/v2\/media?parent=487"}],"curies":[{"name":"wp","href":"https:\/\/api.w.org\/{rel}","templated":true}]}}